{"id":2792,"date":"2025-07-24T19:40:49","date_gmt":"2025-07-24T22:40:49","guid":{"rendered":"https:\/\/sinddanca.com.br\/site99\/?page_id=2792"},"modified":"2025-07-24T19:43:50","modified_gmt":"2025-07-24T22:43:50","slug":"evento","status":"publish","type":"page","link":"https:\/\/sinddanca.com.br\/site99\/evento\/","title":{"rendered":"Evento"},"content":{"rendered":"\t\t<div data-elementor-type=\"wp-post\" data-elementor-id=\"2792\" class=\"elementor elementor-2792\">\n\t\t\t\t<div class=\"elementor-element elementor-element-296b94c e-flex e-con-boxed elementor-invisible e-con e-parent\" data-id=\"296b94c\" data-element_type=\"container\" data-settings=\"{&quot;background_background&quot;:&quot;classic&quot;,&quot;animation&quot;:&quot;fadeIn&quot;}\">\n\t\t\t\t\t<div class=\"e-con-inner\">\n\t\t<div class=\"elementor-element elementor-element-6c80bf4 e-con-full e-flex e-con e-child\" data-id=\"6c80bf4\" data-element_type=\"container\" data-settings=\"{&quot;background_background&quot;:&quot;classic&quot;}\">\n\t\t\t\t<div class=\"elementor-element elementor-element-adb1249 elementor-widget elementor-widget-heading\" data-id=\"adb1249\" data-element_type=\"widget\" data-widget_type=\"heading.default\">\n\t\t\t\t<div class=\"elementor-widget-container\">\n\t\t\t\t\t<h2 class=\"elementor-heading-title elementor-size-default\"><br><br><br><hr size=\"3\">EVENTOS<\/h2>\t\t\t\t<\/div>\n\t\t\t\t<\/div>\n\t\t\t\t<div class=\"elementor-element elementor-element-b3a276b elementor-grid-eael-col-4 elementor-grid-tablet-eael-col-2 elementor-grid-mobile-eael-col-1 elementor-widget elementor-widget-eael-post-grid\" data-id=\"b3a276b\" data-element_type=\"widget\" data-settings=\"{&quot;eael_post_grid_columns&quot;:&quot;eael-col-4&quot;,&quot;eael_post_grid_columns_tablet&quot;:&quot;eael-col-2&quot;,&quot;eael_post_grid_columns_mobile&quot;:&quot;eael-col-1&quot;}\" data-widget_type=\"eael-post-grid.default\">\n\t\t\t\t<div class=\"elementor-widget-container\">\n\t\t\t\t\t<div id=\"eael-post-grid-b3a276b\" class=\"eael-post-grid-container\">\n            <div class=\"eael-post-grid eael-post-appender eael-post-appender-b3a276b eael-post-grid-style-two\" data-layout-mode=\"masonry\"><article class=\"eael-grid-post  eael-post-grid-column eael-pg-post-765 category-uncategorized\" data-id=\"765\">\n    <div class=\"eael-grid-post-holder\">\n        <div class=\"eael-grid-post-holder-inner\"><div class=\"eael-entry-wrapper\"><header class=\"eael-entry-header\"><h5 class=\"eael-entry-title\"><a class=\"eael-grid-post-link\" href=\"https:\/\/sinddanca.com.br\/site99\/enda-2025-inscricao\/\" title=\"ENDA-2025-INSCRI\u00c7\u00c3O &#8211; ENCERRADA\">ENDA-2025-INSCRI\u00c7\u00c3O &#8211; ENCERRADA<\/a><\/h5><\/header><div class=\"eael-entry-content\">\n                                <div class=\"eael-grid-post-excerpt\"><p>Encerradas Ficha Inscri\u00e7\u00e3o 2025 43-ENDA &#8211; 08 de agosto de...<\/p><a href=\"https:\/\/sinddanca.com.br\/site99\/enda-2025-inscricao\/\" class=\"eael-post-elements-readmore-btn\">Leia mais<\/a><\/div>\n                            <\/div><div class=\"eael-entry-header-after style-two\"><div class=\"eael-entry-meta\"><span class=\"eael-meta-posted-on\"><i class=\"far fa-clock\"><\/i><time datetime=\"mar\u00e7o 14, 2025\">mar\u00e7o 14, 2025<\/time><\/span><\/div><\/div><\/div><\/div>\n    <\/div>\n<\/article><article class=\"eael-grid-post  eael-post-grid-column eael-pg-post-754 category-uncategorized\" data-id=\"754\">\n    <div class=\"eael-grid-post-holder\">\n        <div class=\"eael-grid-post-holder-inner\"><div class=\"eael-entry-wrapper\"><header class=\"eael-entry-header\"><h5 class=\"eael-entry-title\"><a class=\"eael-grid-post-link\" href=\"https:\/\/sinddanca.com.br\/site99\/enda-2025-regulamento\/\" title=\"ENDA-2025- Regulamento\">ENDA-2025- Regulamento<\/a><\/h5><\/header><div class=\"eael-entry-content\">\n                                <div class=\"eael-grid-post-excerpt\"><p>INSCRI\u00c7\u00d5ES ENCERRADAS ENDA 2025 EVENTO &#8211; 8 DE AGOSTO DE...<\/p><a href=\"https:\/\/sinddanca.com.br\/site99\/enda-2025-regulamento\/\" class=\"eael-post-elements-readmore-btn\">Leia mais<\/a><\/div>\n                            <\/div><div class=\"eael-entry-header-after style-two\"><div class=\"eael-entry-meta\"><span class=\"eael-meta-posted-on\"><i class=\"far fa-clock\"><\/i><time datetime=\"mar\u00e7o 6, 2025\">mar\u00e7o 6, 2025<\/time><\/span><\/div><\/div><\/div><\/div>\n    <\/div>\n<\/article><article class=\"eael-grid-post  eael-post-grid-column eael-pg-post-703 category-uncategorized\" data-id=\"703\">\n    <div class=\"eael-grid-post-holder\">\n        <div class=\"eael-grid-post-holder-inner\"><div class=\"eael-entry-wrapper\"><header class=\"eael-entry-header\"><h5 class=\"eael-entry-title\"><a class=\"eael-grid-post-link\" href=\"https:\/\/sinddanca.com.br\/site99\/sos-sul\/\" title=\"SOS SUL\">SOS SUL<\/a><\/h5><\/header><div class=\"eael-entry-content\">\n                                <div class=\"eael-grid-post-excerpt\"><p><\/p><a href=\"https:\/\/sinddanca.com.br\/site99\/sos-sul\/\" class=\"eael-post-elements-readmore-btn\">Leia mais<\/a><\/div>\n                            <\/div><div class=\"eael-entry-header-after style-two\"><div class=\"eael-entry-meta\"><span class=\"eael-meta-posted-on\"><i class=\"far fa-clock\"><\/i><time datetime=\"maio 7, 2024\">maio 7, 2024<\/time><\/span><\/div><\/div><\/div><\/div>\n    <\/div>\n<\/article><article class=\"eael-grid-post  eael-post-grid-column eael-pg-post-695 category-uncategorized\" data-id=\"695\">\n    <div class=\"eael-grid-post-holder\">\n        <div class=\"eael-grid-post-holder-inner\"><div class=\"eael-entry-wrapper\"><header class=\"eael-entry-header\"><h5 class=\"eael-entry-title\"><a class=\"eael-grid-post-link\" href=\"https:\/\/sinddanca.com.br\/site99\/enda-2024\/\" title=\"ENDA-2024\">ENDA-2024<\/a><\/h5><\/header><div class=\"eael-entry-content\">\n                                <div class=\"eael-grid-post-excerpt\"><p><\/p><a href=\"https:\/\/sinddanca.com.br\/site99\/enda-2024\/\" class=\"eael-post-elements-readmore-btn\">Leia mais<\/a><\/div>\n                            <\/div><div class=\"eael-entry-header-after style-two\"><div class=\"eael-entry-meta\"><span class=\"eael-meta-posted-on\"><i class=\"far fa-clock\"><\/i><time datetime=\"janeiro 31, 2024\">janeiro 31, 2024<\/time><\/span><\/div><\/div><\/div><\/div>\n    <\/div>\n<\/article><\/div>\n            <div class=\"clearfix\"><\/div>\n        <\/div>            <div class=\"eael-load-more-button-wrap eael-force-hide\">\n                <button class=\"eael-load-more-button\" id=\"eael-load-more-btn-b3a276b\" data-widget-id=\"b3a276b\" data-widget=\"b3a276b\" data-page-id=\"2792\" data-template=\"{&quot;dir&quot;:&quot;lite&quot;,&quot;file_name&quot;:&quot;two.php&quot;,&quot;name&quot;:&quot;Post-Grid&quot;}\" data-class=\"Essential_Addons_Elementor\\Elements\\Post_Grid\" data-layout=\"masonry\" data-page=\"1\" data-args=\"orderby=date&amp;order=desc&amp;ignore_sticky_posts=1&amp;post_status=publish&amp;posts_per_page=4&amp;offset=0&amp;post_type=post\" data-max-page=\"8\">\n                    <span class=\"eael-btn-loader button__loader\"><\/span>\n                    <span class=\"eael_load_more_text\">Carregar mais<\/span>\n                <\/button>\n            <\/div>\n            \t\t\t\t<\/div>\n\t\t\t\t<\/div>\n\t\t\t\t<\/div>\n\t\t\t\t\t<\/div>\n\t\t\t\t<\/div>\n\t\t\t\t<\/div>\n\t\t","protected":false},"excerpt":{"rendered":"<p>EVENTOS ENDA-2025-INSCRI\u00c7\u00c3O &#8211; ENCERRADA Ficha-Inscri\u00e7\u00e3o-2025-novoBaixar Leia mais mar\u00e7o 14, 2025 ENDA-2025- Regulamento Regulamento ENDA 2025-04-14.docxBaixar Leia mais mar\u00e7o 6, 2025 SOS SUL Leia mais maio 7, 2024 ENDA-2024 Leia mais janeiro 31, 2024 Carregar mais<\/p>\n","protected":false},"author":1,"featured_media":0,"parent":0,"menu_order":0,"comment_status":"closed","ping_status":"closed","template":"","meta":{"site-sidebar-layout":"no-sidebar","site-content-layout":"page-builder","ast-site-content-layout":"default","site-content-style":"default","site-sidebar-style":"default","ast-global-header-display":"","ast-banner-title-visibility":"","ast-main-header-display":"","ast-hfb-above-header-display":"","ast-hfb-below-header-display":"","ast-hfb-mobile-header-display":"","site-post-title":"disabled","ast-breadcrumbs-content":"","ast-featured-img":"disabled","footer-sml-layout":"","ast-disable-related-posts":"","theme-transparent-header-meta":"enabled","adv-header-id-meta":"","stick-header-meta":"","header-above-stick-meta":"","header-main-stick-meta":"","header-below-stick-meta":"","astra-migrate-meta-layouts":"default","ast-page-background-enabled":"default","ast-page-background-meta":{"desktop":{"background-color":"","background-image":"","background-repeat":"repeat","background-position":"center center","background-size":"auto","background-attachment":"scroll","background-type":"","background-media":"","overlay-type":"","overlay-color":"","overlay-opacity":"","overlay-gradient":""},"tablet":{"background-color":"","background-image":"","background-repeat":"repeat","background-position":"center center","background-size":"auto","background-attachment":"scroll","background-type":"","background-media":"","overlay-type":"","overlay-color":"","overlay-opacity":"","overlay-gradient":""},"mobile":{"background-color":"","background-image":"","background-repeat":"repeat","background-position":"center center","background-size":"auto","background-attachment":"scroll","background-type":"","background-media":"","overlay-type":"","overlay-color":"","overlay-opacity":"","overlay-gradient":""}},"ast-content-background-meta":{"desktop":{"background-color":"var(--ast-global-color-5)","background-image":"","background-repeat":"repeat","background-position":"center center","background-size":"auto","background-attachment":"scroll","background-type":"","background-media":"","overlay-type":"","overlay-color":"","overlay-opacity":"","overlay-gradient":""},"tablet":{"background-color":"var(--ast-global-color-5)","background-image":"","background-repeat":"repeat","background-position":"center center","background-size":"auto","background-attachment":"scroll","background-type":"","background-media":"","overlay-type":"","overlay-color":"","overlay-opacity":"","overlay-gradient":""},"mobile":{"background-color":"var(--ast-global-color-5)","background-image":"","background-repeat":"repeat","background-position":"center center","background-size":"auto","background-attachment":"scroll","background-type":"","background-media":"","overlay-type":"","overlay-color":"","overlay-opacity":"","overlay-gradient":""}},"footnotes":""},"class_list":["post-2792","page","type-page","status-publish","hentry"],"_links":{"self":[{"href":"https:\/\/sinddanca.com.br\/site99\/wp-json\/wp\/v2\/pages\/2792","targetHints":{"allow":["GET"]}}],"collection":[{"href":"https:\/\/sinddanca.com.br\/site99\/wp-json\/wp\/v2\/pages"}],"about":[{"href":"https:\/\/sinddanca.com.br\/site99\/wp-json\/wp\/v2\/types\/page"}],"author":[{"embeddable":true,"href":"https:\/\/sinddanca.com.br\/site99\/wp-json\/wp\/v2\/users\/1"}],"replies":[{"embeddable":true,"href":"https:\/\/sinddanca.com.br\/site99\/wp-json\/wp\/v2\/comments?post=2792"}],"version-history":[{"count":5,"href":"https:\/\/sinddanca.com.br\/site99\/wp-json\/wp\/v2\/pages\/2792\/revisions"}],"predecessor-version":[{"id":2799,"href":"https:\/\/sinddanca.com.br\/site99\/wp-json\/wp\/v2\/pages\/2792\/revisions\/2799"}],"wp:attachment":[{"href":"https:\/\/sinddanca.com.br\/site99\/wp-json\/wp\/v2\/media?parent=2792"}],"curies":[{"name":"wp","href":"https:\/\/api.w.org\/{rel}","templated":true}]}}