{"id":49,"date":"2018-09-30T00:21:58","date_gmt":"2018-09-30T00:21:58","guid":{"rendered":"https:\/\/sinddanca.com.br\/site\/?page_id=49"},"modified":"2025-12-31T12:41:29","modified_gmt":"2025-12-31T15:41:29","slug":"caches","status":"publish","type":"page","link":"https:\/\/sinddanca.com.br\/site\/caches\/","title":{"rendered":"Caches"},"content":{"rendered":"\t\t<div data-elementor-type=\"wp-page\" data-elementor-id=\"49\" class=\"elementor elementor-49\">\n\t\t\t\t<div class=\"elementor-element elementor-element-414b2381 e-con-full e-flex e-con e-parent\" data-id=\"414b2381\" data-element_type=\"container\" data-settings=\"{&quot;background_background&quot;:&quot;classic&quot;}\">\n\t\t\t\t<div class=\"elementor-element elementor-element-594c04b8 elementor-widget__width-initial elementor-widget-mobile__width-initial elementor-widget elementor-widget-text-editor\" data-id=\"594c04b8\" data-element_type=\"widget\" data-widget_type=\"text-editor.default\">\n\t\t\t\t<div class=\"elementor-widget-container\">\n\t\t\t\t\t\t\t\t\t<h4 class=\"table-title\">Aulas e ensaios com hora aula em reais ( at\u00e9 90 minutos )<\/h4><table class=\"table table-striped table-bordered \" style=\"height: 607px;\" width=\"735\"><thead><tr><th style=\"text-align: center;\"><p><span style=\"color: #ff0000;\">Categoria<\/span><\/p><\/th><th><p><span style=\"color: #ff0000;\">Academia<\/span><\/p><\/th><th><p><span style=\"color: #ff0000;\">Clube\u00a0<\/span><\/p><\/th><th><p><span style=\"color: #ff0000;\">Col\u00e9gio\u00a0<\/span><\/p><\/th><th><p><span style=\"color: #ff0000;\">Particular<\/span><\/p><\/th><\/tr><\/thead><tbody><tr><td><p>Bailarino<\/p><\/td><td><p>R$ 66,00<\/p><\/td><td><p>R$ 43,00<\/p><\/td><td><p>R$ 33,00<\/p><\/td><td><p>R$ 100,00<\/p><\/td><\/tr><tr><td style=\"text-align: left;\"><p>Ensaiador de Dan\u00e7a<\/p><\/td><td style=\"text-align: left;\"><p>R$ 51,00<\/p><\/td><td style=\"text-align: left;\"><p>R$ 44,00<\/p><\/td><td style=\"text-align: left;\"><p>R$ 36,00<\/p><\/td><td style=\"text-align: left;\"><p>R$ 70,00<\/p><\/td><\/tr><tr><td><p>Dan\u00e7arino<\/p><\/td><td><p>R$ 63,00<\/p><\/td><td><p>R$ 40,00<\/p><\/td><td><p>R$ 30,00<\/p><\/td><td><p>R$ 70,00<\/p><\/td><\/tr><tr><td><p>Professor<\/p><\/td><td><p>R$ 70,00 a hora aula<\/p><\/td><\/tr><\/tbody><\/table><hr \/><p>Shows, espet\u00e1culos em teatro casas de show, churrascarias, circos, est\u00e1dios, gin\u00e1sios,quadras esportivas, clubes, ou outros; por apresenta\u00e7\u00e3o em cada show ou espet\u00e1culo, por ensaio, metade dos valores abaixo.<\/p><table class=\"table table-striped table-bordered\"><thead><tr><th><p><span style=\"color: #ff0000;\">Categoria<\/span><\/p><\/th><th><p><span style=\"color: #ff0000;\">Valores<\/span><\/p><\/th><\/tr><\/thead><tbody><tr><td><p>Core\u00f3grafo<\/p><\/td><td><p>R$ 530,00<\/p><\/td><\/tr><tr><td><p>Assistente de Core\u00f3grafo e Ensaiador de Dan\u00e7a<\/p><\/td><td><p>R$ 440,00<\/p><\/td><\/tr><tr><td><p>Primeiro Bailarino<\/p><\/td><td><p>R$ 400,00<\/p><\/td><\/tr><tr><td><p>Solista<\/p><\/td><td><p>R$ 300,00<\/p><\/td><\/tr><tr><td><p>Bailarino<\/p><\/td><td><p>R$ 350,00<\/p><\/td><\/tr><tr><td><p>Dan\u00e7arino<\/p><\/td><td><p>R$ 300,00<\/p><\/td><\/tr><\/tbody><\/table><hr \/><p>Ballets Internacionais (por espet\u00e1culo)<\/p><table class=\"table table-striped table-bordered\"><thead><tr><th><p><span style=\"color: #ff0000;\">Categoria<\/span><\/p><\/th><th><p><span style=\"color: #ff0000;\">Valores<\/span><\/p><\/th><\/tr><\/thead><tbody><tr><td><p>Core\u00f3grafo<\/p><\/td><td><p>R$ 5.800,00<\/p><\/td><\/tr><tr><td><p>Assistente<\/p><\/td><td><p>R$ 3.800,00<\/p><\/td><\/tr><tr><td><p>Bailarino<\/p><\/td><td><p>R$ 3.200,00<\/p><\/td><\/tr><\/tbody><\/table><hr \/><p>Contrato Mensal ou Nota Contratual &#8211; Carga hor\u00e1ria m\u00ednima: 180 horas mensais<\/p><table class=\"table table-striped table-bordered\"><thead><tr><th><p><span style=\"color: #ff0000;\">Categoria<\/span><\/p><\/th><th><p><span style=\"color: #ff0000;\">Valores<\/span><\/p><\/th><\/tr><\/thead><tbody><tr><td><p>Core\u00f3grafo, Core\u00f3logo de Dan\u00e7a e Maitre de Ballet<\/p><\/td><td><p>R$ 8.500,00<\/p><\/td><\/tr><tr><td><p>Assistente de Core\u00f3grafo e Ensaiador de Dan\u00e7a<\/p><\/td><td><p>R$ 8.000,00<\/p><\/td><\/tr><tr><td><p>Bailarino<\/p><\/td><td><p>R$ 7.000,00<\/p><\/td><\/tr><tr><td><p>Dan\u00e7arino<\/p><\/td><td><p>R$ 2.200,00<\/p><\/td><\/tr><tr><td><p>Striper<\/p><\/td><td><p>R$ 1.200,00<\/p><\/td><\/tr><\/tbody><\/table>\t\t\t\t\t\t\t\t<\/div>\n\t\t\t\t<\/div>\n\t\t\t\t<\/div>\n\t\t\t\t<\/div>\n\t\t","protected":false},"excerpt":{"rendered":"<p>Aulas e ensaios com hora aula em reais ( at\u00e9 90 minutos ) Categoria Academia Clube\u00a0 Col\u00e9gio\u00a0 Particular Bailarino R$ 66,00 R$ 43,00 R$ 33,00 R$ 100,00 Ensaiador de Dan\u00e7a R$ 51,00 R$ 44,00 R$ 36,00 R$ 70,00 Dan\u00e7arino R$ 63,00 R$ 40,00 R$ 30,00 R$ 70,00 Professor R$ 70,00 a hora aula Shows, espet\u00e1culos [&hellip;]<\/p>\n","protected":false},"author":1,"featured_media":0,"parent":0,"menu_order":1,"comment_status":"closed","ping_status":"closed","template":"","meta":{"site-sidebar-layout":"default","site-content-layout":"","ast-site-content-layout":"default","site-content-style":"default","site-sidebar-style":"default","ast-global-header-display":"","ast-banner-title-visibility":"","ast-main-header-display":"","ast-hfb-above-header-display":"","ast-hfb-below-header-display":"","ast-hfb-mobile-header-display":"","site-post-title":"","ast-breadcrumbs-content":"","ast-featured-img":"","footer-sml-layout":"","ast-disable-related-posts":"","theme-transparent-header-meta":"","adv-header-id-meta":"","stick-header-meta":"","header-above-stick-meta":"","header-main-stick-meta":"","header-below-stick-meta":"","astra-migrate-meta-layouts":"set","ast-page-background-enabled":"default","ast-page-background-meta":{"desktop":{"background-color":"","background-image":"","background-repeat":"repeat","background-position":"center center","background-size":"auto","background-attachment":"scroll","background-type":"","background-media":"","overlay-type":"","overlay-color":"","overlay-opacity":"","overlay-gradient":""},"tablet":{"background-color":"","background-image":"","background-repeat":"repeat","background-position":"center center","background-size":"auto","background-attachment":"scroll","background-type":"","background-media":"","overlay-type":"","overlay-color":"","overlay-opacity":"","overlay-gradient":""},"mobile":{"background-color":"","background-image":"","background-repeat":"repeat","background-position":"center center","background-size":"auto","background-attachment":"scroll","background-type":"","background-media":"","overlay-type":"","overlay-color":"","overlay-opacity":"","overlay-gradient":""}},"ast-content-background-meta":{"desktop":{"background-color":"var(--ast-global-color-5)","background-image":"","background-repeat":"repeat","background-position":"center center","background-size":"auto","background-attachment":"scroll","background-type":"","background-media":"","overlay-type":"","overlay-color":"","overlay-opacity":"","overlay-gradient":""},"tablet":{"background-color":"var(--ast-global-color-5)","background-image":"","background-repeat":"repeat","background-position":"center center","background-size":"auto","background-attachment":"scroll","background-type":"","background-media":"","overlay-type":"","overlay-color":"","overlay-opacity":"","overlay-gradient":""},"mobile":{"background-color":"var(--ast-global-color-5)","background-image":"","background-repeat":"repeat","background-position":"center center","background-size":"auto","background-attachment":"scroll","background-type":"","background-media":"","overlay-type":"","overlay-color":"","overlay-opacity":"","overlay-gradient":""}},"footnotes":""},"class_list":["post-49","page","type-page","status-publish","hentry"],"_links":{"self":[{"href":"https:\/\/sinddanca.com.br\/site\/wp-json\/wp\/v2\/pages\/49","targetHints":{"allow":["GET"]}}],"collection":[{"href":"https:\/\/sinddanca.com.br\/site\/wp-json\/wp\/v2\/pages"}],"about":[{"href":"https:\/\/sinddanca.com.br\/site\/wp-json\/wp\/v2\/types\/page"}],"author":[{"embeddable":true,"href":"https:\/\/sinddanca.com.br\/site\/wp-json\/wp\/v2\/users\/1"}],"replies":[{"embeddable":true,"href":"https:\/\/sinddanca.com.br\/site\/wp-json\/wp\/v2\/comments?post=49"}],"version-history":[{"count":31,"href":"https:\/\/sinddanca.com.br\/site\/wp-json\/wp\/v2\/pages\/49\/revisions"}],"predecessor-version":[{"id":2900,"href":"https:\/\/sinddanca.com.br\/site\/wp-json\/wp\/v2\/pages\/49\/revisions\/2900"}],"wp:attachment":[{"href":"https:\/\/sinddanca.com.br\/site\/wp-json\/wp\/v2\/media?parent=49"}],"curies":[{"name":"wp","href":"https:\/\/api.w.org\/{rel}","templated":true}]}}